{"id":361,"date":"2020-12-16T15:14:08","date_gmt":"2020-12-16T14:14:08","guid":{"rendered":"https:\/\/dev.ebg-nidau.ch\/?page_id=361"},"modified":"2026-04-14T10:04:15","modified_gmt":"2026-04-14T08:04:15","slug":"home","status":"publish","type":"page","link":"https:\/\/www.ebg-nidau.ch\/fr\/","title":{"rendered":"Home"},"content":{"rendered":"<div class=\"home-frame hgruen\">\n  <div class=\"content\"> \n    <div class=\"grid-container\">\n      <div class=\"grid-x grid-margin-x grid-padding-x\">\n        <div class=\"small-12 medium-12 large-12 cell\">\n            <div class=\"rahmen\">\n              \n\n<h2 class=\"wp-block-heading has-text-align-center bigger\">Appartements libres<\/h2>\n\n\n\n\n \n\n\n    <div class=\"wohnung grid-x grid-padding-x small-up-1 medium-up-2 large-up-3 \">\n                                                                                                                                                                                                                                                                                                                                                                            <div class=\"cell\" 1>\n              <div class=\"inner\">\n                <h2>Appartement 3 pi\u00e8ces avec mansarde, Rennweg 82, 2504Bienne <\/h2>\n                <div class=\"descr\">Appartement 3 pi\u00e8ces avec mansarde, parterre, Rennweg 82, 2504 Biel-Bienne <\/div>\n                                  \n                  <div class=\"pdf\"><a class=\"button\" href=https:\/\/www.ebg-nidau.ch\/wp-content\/uploads\/2026\/04\/Ausschreibung_Rennweg-82_EG-rechts_-fr.pdf\" target=\"_blank\">plus d\u2019informations<\/a><\/div>\n                              <\/div>\n            <\/div>\n                                      <div class=\"cell\" 1>\n              <div class=\"inner\">\n                <h2>Appartement 3 pi\u00e8ces avec balcon, Bienne<\/h2>\n                <div class=\"descr\">Appartement 3 pi\u00e8ces, parterre Rennweg 76, 2504 Bienne<\/div>\n                                  \n                  <div class=\"pdf\"><a class=\"button\" href=https:\/\/www.ebg-nidau.ch\/wp-content\/uploads\/2026\/04\/Ausschreibung_Rennweg-76_EG-rechts_-fr.pdf\" target=\"_blank\">plus d\u2019informations<\/a><\/div>\n                              <\/div>\n            <\/div>\n                                                                                                                                    <\/div>\n  \n\n\n\n<p><\/p>\n\n\n            <\/div>\n        <\/div>\n      <\/div>\n    <\/div>\n  <\/div>\n<\/div>\n\n\n\n\n<div class=\"home-frame \">\n  <div class=\"content\"> \n    <div class=\"grid-container\">\n      <div class=\"grid-x grid-margin-x grid-padding-x\">\n        <div class=\"small-12 medium-12 large-12 cell\">\n            <div class=\"rahmen\">\n              \n\n<h2 class=\"wp-block-heading has-text-align-center bigger\">Les documents \u00e0 t\u00e9l\u00e9charger les plus importants<\/h2>\n\n\n\n\n  <div class=\"dl-front grid-x grid-padding-x grid-margin-x grid-margin-y small-up-1 medium-up-2 large-up-2 \">\n          <div class=\"cell\">\n                <div class=\"inner\" >\n          <div class=\"img\" style=\"background-image:url(https:\/\/www.ebg-nidau.ch\/wp-content\/uploads\/2020\/12\/Hofmatten_Sued_1.jpg)\"><a target=\"_blank\" href=\"https:\/\/www.ebg-nidau.ch\/wp-content\/uploads\/2020\/12\/Statuts-EBG-Nidau_202010_F-6.pdf\"><\/a><\/div>\n          <h3>T\u00e9l\u00e9chargements<\/h3>\n          <h2>Statuts actuels <\/h2>\n          <div class=\"descr\">En 2020, il y a eu quelques ajustements &#8211; ici vous trouverez les statuts r\u00e9vis\u00e9s de l&rsquo;EBG Nidau.<\/div>\n          <div class=\"button-wrap\"><a class=\"button\" target=\"_blank\" href=\"https:\/\/www.ebg-nidau.ch\/wp-content\/uploads\/2020\/12\/Statuts-EBG-Nidau_202010_F-6.pdf\">\u00e0 t\u00e9l\u00e9charger ici<\/a><\/div>\n        <\/div>\n      <\/div>\n          <div class=\"cell\">\n                <div class=\"inner\" >\n          <div class=\"img\" style=\"background-image:url(https:\/\/www.ebg-nidau.ch\/wp-content\/uploads\/2025\/07\/GB_EBG_NIDAU_Titelseite.png)\"><a target=\"_blank\" href=\"\"><\/a><\/div>\n          <h3>T\u00e9l\u00e9chargements<\/h3>\n          <h2>Rapport annuel 2024 <\/h2>\n          <div class=\"descr\">Dans le rapport annuel vous trouverez des chiffres et informations les plus importants de l&rsquo;ann\u00e9e 2024.<\/div>\n          <div class=\"button-wrap\"><a class=\"button\" target=\"_blank\" href=\"\">\u00e0 t\u00e9l\u00e9charger ici<\/a><\/div>\n        <\/div>\n      <\/div>\n      <\/div>\n\n\n\n\n<p><\/p>\n\n\n            <\/div>\n        <\/div>\n      <\/div>\n    <\/div>\n  <\/div>\n<\/div>\n\n\n","protected":false},"excerpt":{"rendered":"","protected":false},"author":1,"featured_media":0,"parent":0,"menu_order":0,"comment_status":"closed","ping_status":"open","template":"template-home.php","meta":{"_acf_changed":false,"footnotes":""},"class_list":["post-361","page","type-page","status-publish","hentry"],"acf":[],"_links":{"self":[{"href":"https:\/\/www.ebg-nidau.ch\/fr\/wp-json\/wp\/v2\/pages\/361","targetHints":{"allow":["GET"]}}],"collection":[{"href":"https:\/\/www.ebg-nidau.ch\/fr\/wp-json\/wp\/v2\/pages"}],"about":[{"href":"https:\/\/www.ebg-nidau.ch\/fr\/wp-json\/wp\/v2\/types\/page"}],"author":[{"embeddable":true,"href":"https:\/\/www.ebg-nidau.ch\/fr\/wp-json\/wp\/v2\/users\/1"}],"replies":[{"embeddable":true,"href":"https:\/\/www.ebg-nidau.ch\/fr\/wp-json\/wp\/v2\/comments?post=361"}],"version-history":[{"count":263,"href":"https:\/\/www.ebg-nidau.ch\/fr\/wp-json\/wp\/v2\/pages\/361\/revisions"}],"predecessor-version":[{"id":4730,"href":"https:\/\/www.ebg-nidau.ch\/fr\/wp-json\/wp\/v2\/pages\/361\/revisions\/4730"}],"wp:attachment":[{"href":"https:\/\/www.ebg-nidau.ch\/fr\/wp-json\/wp\/v2\/media?parent=361"}],"curies":[{"name":"wp","href":"https:\/\/api.w.org\/{rel}","templated":true}]}}