{"id":738,"date":"2020-12-22T15:08:44","date_gmt":"2020-12-22T14:08:44","guid":{"rendered":"https:\/\/dev.ebg-nidau.ch\/?page_id=738"},"modified":"2020-12-30T15:10:44","modified_gmt":"2020-12-30T14:10:44","slug":"chart-et-statuts","status":"publish","type":"page","link":"https:\/\/www.ebg-nidau.ch\/fr\/cooperative\/chart-et-statuts\/","title":{"rendered":"Charte et statuts"},"content":{"rendered":"\n<h1 class=\"wp-block-heading\">Charte et statuts<\/h1>\n\n\n\n<h3 class=\"wp-block-heading\">Charte<\/h3>\n\n\n\n<div class=\"wp-block-columns is-layout-flex wp-container-core-columns-is-layout-9d6595d7 wp-block-columns-is-layout-flex\">\n<div class=\"wp-block-column is-layout-flow wp-block-column-is-layout-flow\">\n<h2 class=\"wp-block-heading\">solidaires<\/h2>\n\n\n\n<p>Nous sommes plus que des locataires, nous sommes des coop\u00e9rateurs de l\u2019EBG Nidau et cultivons la solidarit\u00e9 et la cohabitation pour le bien de tous.<\/p>\n<\/div>\n\n\n\n<div class=\"wp-block-column is-layout-flow wp-block-column-is-layout-flow\">\n<h2 class=\"wp-block-heading\">r\u00e9fl\u00e9chis<\/h2>\n\n\n\n<p>Nous d\u00e9cidons ensemble et assumons la <br>responsabilit\u00e9 de nos infrastructures, de l\u2019environnement et du d\u00e9veloppement de la coop\u00e9rative.<\/p>\n<\/div>\n\n\n\n<div class=\"wp-block-column is-layout-flow wp-block-column-is-layout-flow\">\n<h2 class=\"wp-block-heading\">vivre en s\u00e9curit\u00e9<\/h2>\n\n\n\n<p>Nous cr\u00e9ons des conditions d\u2019habitations s\u00fbres et stables pour tous, nos appartements sont \u00ab simples et bien \u00bb et nous communiquons ouvertement et honn\u00eatement.<\/p>\n<\/div>\n<\/div>\n\n\n\n<figure class=\"wp-block-image size-full\"><img loading=\"lazy\" decoding=\"async\" width=\"2124\" height=\"800\" src=\"https:\/\/www.ebg-nidau.ch\/wp-content\/uploads\/2020\/12\/Bild_Leitbild_Statuten.jpg\" alt=\"\" class=\"wp-image-308\" srcset=\"https:\/\/www.ebg-nidau.ch\/wp-content\/uploads\/2020\/12\/Bild_Leitbild_Statuten.jpg 2124w, https:\/\/www.ebg-nidau.ch\/wp-content\/uploads\/2020\/12\/Bild_Leitbild_Statuten-300x113.jpg 300w, https:\/\/www.ebg-nidau.ch\/wp-content\/uploads\/2020\/12\/Bild_Leitbild_Statuten-1024x386.jpg 1024w, https:\/\/www.ebg-nidau.ch\/wp-content\/uploads\/2020\/12\/Bild_Leitbild_Statuten-768x289.jpg 768w, https:\/\/www.ebg-nidau.ch\/wp-content\/uploads\/2020\/12\/Bild_Leitbild_Statuten-1536x579.jpg 1536w, https:\/\/www.ebg-nidau.ch\/wp-content\/uploads\/2020\/12\/Bild_Leitbild_Statuten-2048x771.jpg 2048w\" sizes=\"auto, (max-width: 2124px) 100vw, 2124px\" \/><\/figure>\n\n\n\n<h3 class=\"mt20 wp-block-heading\">Statuts<\/h3>\n\n\n\n<h2 class=\"wp-block-heading\"><strong>Statuts actuels<\/strong><\/h2>\n\n\n\n<div class=\"wp-block-columns is-layout-flex wp-container-core-columns-is-layout-9d6595d7 wp-block-columns-is-layout-flex\">\n<div class=\"wp-block-column is-layout-flow wp-block-column-is-layout-flow\" style=\"flex-basis:66.66%\">\n<p>Les statuts constituent la base du fonctionnement de la coop\u00e9rative. Ils r\u00e9pondent aux questions relatives \u00e0 l\u2019objectif, \u00e0 l\u2019organisation, \u00e0 l\u2019adh\u00e9sion et aux r\u00e8gles financi\u00e8res de l\u2019EBG Nidau. Les statuts ci-dessus ont \u00e9t\u00e9 adopt\u00e9s lors de l\u2019assembl\u00e9e g\u00e9n\u00e9rale du 22.05.2014. Les modifications concernant la prise de d\u00e9cision sur les transformations et les nouvelles constructions ont \u00e9t\u00e9 adopt\u00e9es le 26.6.2019, les modifications concernant la commission de gestion ont \u00e9t\u00e9 adopt\u00e9es le 28.11.2019 et le 24.6.2020.<\/p>\n\n\n\n<div class=\"wp-block-file mt10\"><a href=\"https:\/\/www.ebg-nidau.ch\/wp-content\/uploads\/2020\/12\/Statuts-EBG-Nidau_202010_F-6.pdf\" class=\"wp-block-file__button\" download>T\u00e9l\u00e9charger les statuts<\/a><\/div>\n\n\n\n<p><\/p>\n<\/div>\n\n\n\n<div class=\"wp-block-column is-layout-flow wp-block-column-is-layout-flow\" style=\"flex-basis:33.33%\"><\/div>\n<\/div>\n","protected":false},"excerpt":{"rendered":"<p>Charte et statuts Charte solidaires Nous sommes plus que des locataires, nous sommes des coop\u00e9rateurs de l\u2019EBG Nidau et cultivons la solidarit\u00e9 et la cohabitation pour le bien de tous. r\u00e9fl\u00e9chis Nous d\u00e9cidons ensemble et assumons la responsabilit\u00e9 de nos infrastructures, de l\u2019environnement et du d\u00e9veloppement de la coop\u00e9rative. vivre en s\u00e9curit\u00e9 Nous cr\u00e9ons des<a class=\"excerpt-read-more\" href=\"https:\/\/www.ebg-nidau.ch\/fr\/cooperative\/chart-et-statuts\/\" title=\"ReadCharte et statuts\">&#8230; Read more &raquo;<\/a><\/p>\n","protected":false},"author":9,"featured_media":0,"parent":798,"menu_order":0,"comment_status":"closed","ping_status":"closed","template":"template-full-width.php","meta":{"_acf_changed":false,"footnotes":""},"class_list":["post-738","page","type-page","status-publish","hentry"],"acf":[],"_links":{"self":[{"href":"https:\/\/www.ebg-nidau.ch\/fr\/wp-json\/wp\/v2\/pages\/738","targetHints":{"allow":["GET"]}}],"collection":[{"href":"https:\/\/www.ebg-nidau.ch\/fr\/wp-json\/wp\/v2\/pages"}],"about":[{"href":"https:\/\/www.ebg-nidau.ch\/fr\/wp-json\/wp\/v2\/types\/page"}],"author":[{"embeddable":true,"href":"https:\/\/www.ebg-nidau.ch\/fr\/wp-json\/wp\/v2\/users\/9"}],"replies":[{"embeddable":true,"href":"https:\/\/www.ebg-nidau.ch\/fr\/wp-json\/wp\/v2\/comments?post=738"}],"version-history":[{"count":8,"href":"https:\/\/www.ebg-nidau.ch\/fr\/wp-json\/wp\/v2\/pages\/738\/revisions"}],"predecessor-version":[{"id":1155,"href":"https:\/\/www.ebg-nidau.ch\/fr\/wp-json\/wp\/v2\/pages\/738\/revisions\/1155"}],"up":[{"embeddable":true,"href":"https:\/\/www.ebg-nidau.ch\/fr\/wp-json\/wp\/v2\/pages\/798"}],"wp:attachment":[{"href":"https:\/\/www.ebg-nidau.ch\/fr\/wp-json\/wp\/v2\/media?parent=738"}],"curies":[{"name":"wp","href":"https:\/\/api.w.org\/{rel}","templated":true}]}}