{"id":741,"date":"2020-12-22T15:34:36","date_gmt":"2020-12-22T14:34:36","guid":{"rendered":"https:\/\/dev.ebg-nidau.ch\/?page_id=741"},"modified":"2025-11-11T14:53:06","modified_gmt":"2025-11-11T13:53:06","slug":"organisation","status":"publish","type":"page","link":"https:\/\/www.ebg-nidau.ch\/fr\/cooperative\/organisation\/","title":{"rendered":"Organisation"},"content":{"rendered":"\n<h1 class=\"wp-block-heading\">Organisation<\/h1>\n\n\n\n<h2 class=\"wp-block-heading\">Comit\u00e9<\/h2>\n\n\n\n\n  <div class=\"vorstand grid-x grid-padding-x small-up-1 medium-up-2 large-up-3\">\n          <div class=\"cell\">\n                <div class=\"bild\" style=\"background-image:url(https:\/\/www.ebg-nidau.ch\/wp-content\/uploads\/2021\/06\/Valerie-Kessi.jpg)\"><\/div>\n        <div class=\"funktion\">Pr\u00e9sidente<\/div>\n        <div class=\"name\">Val\u00e9rie Kessi<\/div>\n        <div class=\"mail\"><a href=\"mailto:valerie.kessi@ebg-nidau.ch\">valerie.kessi@ebg-nidau.ch<\/a><\/div>\n      <\/div>\n          <div class=\"cell\">\n                <div class=\"bild\" style=\"background-image:url(https:\/\/www.ebg-nidau.ch\/wp-content\/uploads\/2023\/01\/1-Portrait-Adeline-Vorstand-EBG-3.jpg)\"><\/div>\n        <div class=\"funktion\">Vice-Pr\u00e9sidente<\/div>\n        <div class=\"name\">Adeline Volery<\/div>\n        <div class=\"mail\"><a href=\"mailto:adeline Volery@ebg-nidau.ch\">adeline Volery@ebg-nidau.ch<\/a><\/div>\n      <\/div>\n          <div class=\"cell\">\n                <div class=\"bild\" style=\"background-image:url(https:\/\/www.ebg-nidau.ch\/wp-content\/uploads\/2023\/09\/Adrian-1.jpg)\"><\/div>\n        <div class=\"funktion\">Comit\u00e9<\/div>\n        <div class=\"name\">Adrian Bangerter<\/div>\n        <div class=\"mail\"><a href=\"mailto:adrian.bangerter@ebg-nidau.ch\">adrian.bangerter@ebg-nidau.ch<\/a><\/div>\n      <\/div>\n          <div class=\"cell\">\n                <div class=\"bild\" style=\"background-image:url(https:\/\/www.ebg-nidau.ch\/wp-content\/uploads\/2023\/09\/Jonas-2.jpg)\"><\/div>\n        <div class=\"funktion\">Comit\u00e9<\/div>\n        <div class=\"name\">Jonas Lor\u00e9tan<\/div>\n        <div class=\"mail\"><a href=\"mailto:jonas.loretan@ebg-nidau.ch\">jonas.loretan@ebg-nidau.ch<\/a><\/div>\n      <\/div>\n          <div class=\"cell\">\n                <div class=\"bild\" style=\"background-image:url(https:\/\/www.ebg-nidau.ch\/wp-content\/uploads\/2025\/04\/Portrait-Nomie-Aebischer-2.jpg)\"><\/div>\n        <div class=\"funktion\">Comit\u00e9<\/div>\n        <div class=\"name\">No\u00e9mie Aebischer<\/div>\n        <div class=\"mail\"><a href=\"mailto:noemie.aebischer@ebg-nidau.ch\">noemie.aebischer@ebg-nidau.ch<\/a><\/div>\n      <\/div>\n          <div class=\"cell\">\n                <div class=\"bild\" style=\"background-image:url(https:\/\/www.ebg-nidau.ch\/wp-content\/uploads\/2025\/11\/EBG-Nidau-Portrait-Malte-1.jpg)\"><\/div>\n        <div class=\"funktion\">Comit\u00e9<\/div>\n        <div class=\"name\">Malter Beutler<\/div>\n        <div class=\"mail\"><a href=\"mailto:malte.beutler@ebg-nidau.ch\">malte.beutler@ebg-nidau.ch<\/a><\/div>\n      <\/div>\n          <div class=\"cell\">\n                <div class=\"bild\" style=\"background-image:url(https:\/\/www.ebg-nidau.ch\/wp-content\/uploads\/2025\/11\/EBG-Nidau-Vorstand-Portait-Paul-1.jpg)\"><\/div>\n        <div class=\"funktion\">Comit\u00e9<\/div>\n        <div class=\"name\">Paul Schuler<\/div>\n        <div class=\"mail\"><a href=\"mailto:paul.schuler@ebg-nidau.ch\">paul.schuler@ebg-nidau.ch<\/a><\/div>\n      <\/div>\n      <\/div>\n\n\n\n<hr class=\"wp-block-separator has-css-opacity\"\/>\n\n\n\n<h2 class=\"wp-block-heading\">G\u00e9rance EBG Nidau<\/h2>\n\n\n\n<div class=\"wp-block-columns is-layout-flex wp-container-core-columns-is-layout-9d6595d7 wp-block-columns-is-layout-flex\">\n<div class=\"wp-block-column is-layout-flow wp-block-column-is-layout-flow\" style=\"flex-basis:66.66%\">\n<p>Kevin K\u00e4nzig<br>Corinne Etter<\/p>\n\n\n\n<p>Genossenschaftsstrasse 18, 2560 Nidau <br>T\u00e9l: 032 505 27 17<br><a href=\"mailto:info@ebg-nidau.ch\">info@ebg-nidau.ch<\/a><\/p>\n\n\n\n<h4 class=\"wp-block-heading\">Heures d&rsquo;ouverture:<\/h4>\n\n\n\n<p>Mardi, jeudi et vendredi 8h00-11h30, apr\u00e8s-midi ferm\u00e9<\/p>\n\n\n\n<h4 class=\"wp-block-heading\">Concierge<\/h4>\n\n\n\n<p>Markus Spychiger <br>Josip Bosniak<\/p>\n<\/div>\n\n\n\n<div class=\"wp-block-column is-layout-flow wp-block-column-is-layout-flow\" style=\"flex-basis:33.33%\">\n<figure class=\"wp-block-image size-full\"><img loading=\"lazy\" decoding=\"async\" width=\"600\" height=\"400\" src=\"https:\/\/www.ebg-nidau.ch\/wp-content\/uploads\/2020\/12\/Geschaeftsstelle.jpg\" alt=\"\" class=\"wp-image-311\" srcset=\"https:\/\/www.ebg-nidau.ch\/wp-content\/uploads\/2020\/12\/Geschaeftsstelle.jpg 600w, https:\/\/www.ebg-nidau.ch\/wp-content\/uploads\/2020\/12\/Geschaeftsstelle-300x200.jpg 300w\" sizes=\"auto, (max-width: 600px) 100vw, 600px\" \/><\/figure>\n<\/div>\n<\/div>\n\n\n\n<hr class=\"wp-block-separator has-css-opacity\"\/>\n\n\n\n<h2 class=\"wp-block-heading\"><strong>Commission de construction<\/strong><\/h2>\n\n\n\n<div class=\"wp-block-columns is-layout-flex wp-container-core-columns-is-layout-9d6595d7 wp-block-columns-is-layout-flex\">\n<div class=\"wp-block-column is-layout-flow wp-block-column-is-layout-flow\" style=\"flex-basis:66.66%\">\n<p>La commission de construction s&rsquo;occupe de tous les sujets concernant les projets de construction et de r\u00e9novation de l&rsquo;EBG Nidau.<\/p>\n\n\n\n<h4 class=\"wp-block-heading\">Membres<\/h4>\n\n\n\n<p>Malte Beutler \/ Gestion<br>Val\u00e9rie Kessi <br>Johannes Jud<\/p>\n\n\n\n<p><a href=\"mailto:valerie.kessi@ebg-nidau.ch\">malte.beutler@ebg-nidau.ch<\/a><\/p>\n<\/div>\n\n\n\n<div class=\"wp-block-column is-layout-flow wp-block-column-is-layout-flow\" style=\"flex-basis:33.33%\"><\/div>\n<\/div>\n\n\n\n<hr class=\"wp-block-separator has-css-opacity\"\/>\n\n\n\n<h2 class=\"wp-block-heading\"><strong>Commission des locations<\/strong><\/h2>\n\n\n\n<div class=\"wp-block-columns is-layout-flex wp-container-core-columns-is-layout-9d6595d7 wp-block-columns-is-layout-flex\">\n<div class=\"wp-block-column is-layout-flow wp-block-column-is-layout-flow\" style=\"flex-basis:66.66%\">\n<p>La commission de location est responsable de l\u2019attribution des biens lou\u00e9s par l\u2019EBG Nidau.<\/p>\n\n\n\n<h4 class=\"wp-block-heading\">Membres<\/h4>\n\n\n\n<p>Adrian Bangerter \/ Gestion<br>Thomas Besmer<br>Raphael Frydig<br>S. H.<br>Valentin Imfeld<br>Silke Lor\u00e9tan<br>la g\u00e9rance de l&rsquo;EBG Nidau &#8211; repr\u00e9sent\u00e9 par Kevin K\u00e4nzig et Corinne Etter<\/p>\n\n\n\n<p><a href=\"mailto:info@ebg-nidau.ch\">adrian.bangeter@ebg-nidau.ch<\/a><\/p>\n\n\n\n<p><\/p>\n<\/div>\n\n\n\n<div class=\"wp-block-column is-layout-flow wp-block-column-is-layout-flow\" style=\"flex-basis:33.33%\"><\/div>\n<\/div>\n\n\n\n<hr class=\"wp-block-separator has-css-opacity\"\/>\n\n\n\n<h2 class=\"wp-block-heading\"><strong>Commission de gestion<\/strong><\/h2>\n\n\n\n<div class=\"wp-block-columns is-layout-flex wp-container-core-columns-is-layout-9d6595d7 wp-block-columns-is-layout-flex\">\n<div class=\"wp-block-column is-layout-flow wp-block-column-is-layout-flow\" style=\"flex-basis:66.66%\">\n<p>La commission de gestion contr\u00f4le l\u2019ex\u00e9cution des d\u00e9cisions de l\u2019assembl\u00e9e g\u00e9n\u00e9rale et du comit\u00e9.<\/p>\n\n\n\n<h4 class=\"wp-block-heading\">Membres<\/h4>\n\n\n\n<p>Pierre von Ballmoos <br>Mike Farr<br>Oliver K\u00e4ser<br>Thomas Oltmanns<\/p>\n\n\n\n<p><a href=\"mailto:gpk@ebg-nidau.ch\">gpk@ebg-nidau.ch<\/a><\/p>\n\n\n\n<p><\/p>\n<\/div>\n\n\n\n<div class=\"wp-block-column is-layout-flow wp-block-column-is-layout-flow\" style=\"flex-basis:33.33%\"><\/div>\n<\/div>\n\n\n\n<hr class=\"wp-block-separator has-css-opacity\"\/>\n","protected":false},"excerpt":{"rendered":"<p>Organisation Comit\u00e9 G\u00e9rance EBG Nidau Kevin K\u00e4nzigCorinne Etter Genossenschaftsstrasse 18, 2560 Nidau T\u00e9l: 032 505 27 17info@ebg-nidau.ch Heures d&rsquo;ouverture: Mardi, jeudi et vendredi 8h00-11h30, apr\u00e8s-midi ferm\u00e9 Concierge Markus Spychiger Josip Bosniak Commission de construction La commission de construction s&rsquo;occupe de tous les sujets concernant les projets de construction et de r\u00e9novation de l&rsquo;EBG Nidau. Membres<a class=\"excerpt-read-more\" href=\"https:\/\/www.ebg-nidau.ch\/fr\/cooperative\/organisation\/\" title=\"ReadOrganisation\">&#8230; Read more &raquo;<\/a><\/p>\n","protected":false},"author":9,"featured_media":0,"parent":798,"menu_order":1,"comment_status":"closed","ping_status":"closed","template":"template-full-width.php","meta":{"_acf_changed":false,"footnotes":""},"class_list":["post-741","page","type-page","status-publish","hentry"],"acf":[],"_links":{"self":[{"href":"https:\/\/www.ebg-nidau.ch\/fr\/wp-json\/wp\/v2\/pages\/741","targetHints":{"allow":["GET"]}}],"collection":[{"href":"https:\/\/www.ebg-nidau.ch\/fr\/wp-json\/wp\/v2\/pages"}],"about":[{"href":"https:\/\/www.ebg-nidau.ch\/fr\/wp-json\/wp\/v2\/types\/page"}],"author":[{"embeddable":true,"href":"https:\/\/www.ebg-nidau.ch\/fr\/wp-json\/wp\/v2\/users\/9"}],"replies":[{"embeddable":true,"href":"https:\/\/www.ebg-nidau.ch\/fr\/wp-json\/wp\/v2\/comments?post=741"}],"version-history":[{"count":78,"href":"https:\/\/www.ebg-nidau.ch\/fr\/wp-json\/wp\/v2\/pages\/741\/revisions"}],"predecessor-version":[{"id":4593,"href":"https:\/\/www.ebg-nidau.ch\/fr\/wp-json\/wp\/v2\/pages\/741\/revisions\/4593"}],"up":[{"embeddable":true,"href":"https:\/\/www.ebg-nidau.ch\/fr\/wp-json\/wp\/v2\/pages\/798"}],"wp:attachment":[{"href":"https:\/\/www.ebg-nidau.ch\/fr\/wp-json\/wp\/v2\/media?parent=741"}],"curies":[{"name":"wp","href":"https:\/\/api.w.org\/{rel}","templated":true}]}}