{"id":776,"date":"2020-12-22T15:52:04","date_gmt":"2020-12-22T14:52:04","guid":{"rendered":"https:\/\/dev.ebg-nidau.ch\/?page_id=776"},"modified":"2020-12-29T18:36:49","modified_gmt":"2020-12-29T17:36:49","slug":"histoire","status":"publish","type":"page","link":"https:\/\/www.ebg-nidau.ch\/fr\/cooperative\/histoire\/","title":{"rendered":"Histoire"},"content":{"rendered":"\n<h1 class=\"wp-block-heading\">Histoire de l&rsquo;EBG Nidau<\/h1>\n\n\n\n<div class=\"wp-block-columns is-layout-flex wp-container-core-columns-is-layout-9d6595d7 wp-block-columns-is-layout-flex\">\n<div class=\"wp-block-column is-layout-flow wp-block-column-is-layout-flow\">\n<h2 class=\"wp-block-heading\">Fondation de la Eisenbahner-Baugenossenschaft EBG Nidau<\/h2>\n<\/div>\n\n\n\n<div class=\"wp-block-column is-layout-flow wp-block-column-is-layout-flow\"><\/div>\n<\/div>\n\n\n\n<div class=\"wp-block-columns is-layout-flex wp-container-core-columns-is-layout-9d6595d7 wp-block-columns-is-layout-flex\">\n<div class=\"wp-block-column is-layout-flow wp-block-column-is-layout-flow\">\n<p>Le chemin de fer a conquis la Suisse au XIXe si\u00e8cle, avec des gares et des d\u00e9p\u00f4ts partout, y compris dans le Seeland. Cependant, les logements n\u00e9cessaires aux travailleurs faisaient d\u00e9faut par rapport au nombre d\u2019emplois cr\u00e9\u00e9s. Les chemins de fer eux-m\u00eames ne voulant pas s&rsquo;impliquer dans la construction de logements, les cheminots se sont tourn\u00e9s vers l&rsquo;auto-assistance et ont fond\u00e9 des coop\u00e9ratives. Le march\u00e9 du logement priv\u00e9 \u00e9tait soit trop cher, soit il y avait trop peu de logements \u00e0 l&rsquo;\u00e9poque.<\/p>\n\n\n\n<p>Au d\u00e9but, les initiateurs ont d\u00fb se battre avec de grandes difficult\u00e9s pour obtenir des pr\u00eats bancaires, des hypoth\u00e8ques ou des terrains \u00e0 b\u00e2tir. Gr\u00e2ce \u00e0 de nombreuses contributions personnelles pendant le peu temps libre qu\u2019il leurs restait, l&rsquo;actuelle coop\u00e9rative d\u2019habitation&nbsp; &nbsp;des cheminots de Nidau a \u00e9t\u00e9 fond\u00e9e le 29 avril 1910, en m\u00eame temps que d&rsquo;autres coop\u00e9ratives d\u2019habitation.<\/p>\n\n\n\n<p>L&rsquo;un des membres fondateurs de l&rsquo;EBG Nidau \u00e9tait Guido M\u00fcller, plus tard maire de Bienne. Il a \u00e9t\u00e9 pr\u00e9sident de l&rsquo;EBG Nidau de 1912 \u00e0 1916.<\/p>\n\n\n\n<p><\/p>\n<\/div>\n\n\n\n<div class=\"wp-block-column is-layout-flow wp-block-column-is-layout-flow\">\n<p>En 1914, les premi\u00e8res maisons du quartier Hoffmatten sont pr\u00eates. Le Ch. de la Course sur sol biennois a \u00e9t\u00e9 achev\u00e9 en 1925. En 1929, la coop\u00e9rative d\u2019habitation a construit les maisons jaunes dans le quartier Hoffmatten. En 1948, les appartements de la Rte d\u2019Orpond \u00e0 Bienne sont pr\u00eats. En 1965, les deux blocs d\u2019appartements \u00e0 la Gotthelfstrasse \u00e0 Nidau ont \u00e9t\u00e9 inaugur\u00e9s comme dernier projet de l\u2019EBG Nidau.<\/p>\n\n\n\n<p>L\u2019EBG Nidau a toujours connu des p\u00e9riodes difficiles dans son histoire, comme dans les ann\u00e9es 60, lorsque de nombreuses r\u00e9novations et transformations ont eu lieu. Aujourd\u2019hui encore, l\u2019EBG Nidau se trouve dans une phase difficile, avec de nombreux travaux d\u2019assainissement n\u00e9cessaires, notamment pour les chauffages, les toits et les canalisations. En ces temps difficiles, l&rsquo;engagement des coop\u00e9ratrices et coop\u00e9rateurs est n\u00e9cessaire pour garantir que l&rsquo;EBG Nidau puisse continuer \u00e0 exister \u00e0 long terme.<\/p>\n<\/div>\n<\/div>\n\n\n\n<figure class=\"wp-block-image size-large\"><a href=\"https:\/\/www.ebg-nidau.ch\/fr\/vivre-ensamble\/galeries\/\"><img loading=\"lazy\" decoding=\"async\" width=\"1024\" height=\"760\" src=\"https:\/\/www.ebg-nidau.ch\/wp-content\/uploads\/2020\/12\/Geschichte_1-2-1024x760.jpg\" alt=\"\" class=\"wp-image-721\" srcset=\"https:\/\/www.ebg-nidau.ch\/wp-content\/uploads\/2020\/12\/Geschichte_1-2-1024x760.jpg 1024w, https:\/\/www.ebg-nidau.ch\/wp-content\/uploads\/2020\/12\/Geschichte_1-2-300x223.jpg 300w, https:\/\/www.ebg-nidau.ch\/wp-content\/uploads\/2020\/12\/Geschichte_1-2-768x570.jpg 768w, https:\/\/www.ebg-nidau.ch\/wp-content\/uploads\/2020\/12\/Geschichte_1-2.jpg 1200w\" sizes=\"auto, (max-width: 1024px) 100vw, 1024px\" \/><\/a><\/figure>\n","protected":false},"excerpt":{"rendered":"<p>Histoire de l&rsquo;EBG Nidau Fondation de la Eisenbahner-Baugenossenschaft EBG Nidau Le chemin de fer a conquis la Suisse au XIXe si\u00e8cle, avec des gares et des d\u00e9p\u00f4ts partout, y compris dans le Seeland. Cependant, les logements n\u00e9cessaires aux travailleurs faisaient d\u00e9faut par rapport au nombre d\u2019emplois cr\u00e9\u00e9s. Les chemins de fer eux-m\u00eames ne voulant pas<a class=\"excerpt-read-more\" href=\"https:\/\/www.ebg-nidau.ch\/fr\/cooperative\/histoire\/\" title=\"ReadHistoire\">&#8230; Read more &raquo;<\/a><\/p>\n","protected":false},"author":9,"featured_media":0,"parent":798,"menu_order":3,"comment_status":"closed","ping_status":"closed","template":"template-full-width.php","meta":{"_acf_changed":false,"footnotes":""},"class_list":["post-776","page","type-page","status-publish","hentry"],"acf":[],"_links":{"self":[{"href":"https:\/\/www.ebg-nidau.ch\/fr\/wp-json\/wp\/v2\/pages\/776","targetHints":{"allow":["GET"]}}],"collection":[{"href":"https:\/\/www.ebg-nidau.ch\/fr\/wp-json\/wp\/v2\/pages"}],"about":[{"href":"https:\/\/www.ebg-nidau.ch\/fr\/wp-json\/wp\/v2\/types\/page"}],"author":[{"embeddable":true,"href":"https:\/\/www.ebg-nidau.ch\/fr\/wp-json\/wp\/v2\/users\/9"}],"replies":[{"embeddable":true,"href":"https:\/\/www.ebg-nidau.ch\/fr\/wp-json\/wp\/v2\/comments?post=776"}],"version-history":[{"count":6,"href":"https:\/\/www.ebg-nidau.ch\/fr\/wp-json\/wp\/v2\/pages\/776\/revisions"}],"predecessor-version":[{"id":1304,"href":"https:\/\/www.ebg-nidau.ch\/fr\/wp-json\/wp\/v2\/pages\/776\/revisions\/1304"}],"up":[{"embeddable":true,"href":"https:\/\/www.ebg-nidau.ch\/fr\/wp-json\/wp\/v2\/pages\/798"}],"wp:attachment":[{"href":"https:\/\/www.ebg-nidau.ch\/fr\/wp-json\/wp\/v2\/media?parent=776"}],"curies":[{"name":"wp","href":"https:\/\/api.w.org\/{rel}","templated":true}]}}