{"id":800,"date":"2020-12-22T16:10:38","date_gmt":"2020-12-22T15:10:38","guid":{"rendered":"https:\/\/dev.ebg-nidau.ch\/?page_id=800"},"modified":"2026-02-19T10:10:11","modified_gmt":"2026-02-19T09:10:11","slug":"downloads","status":"publish","type":"page","link":"https:\/\/www.ebg-nidau.ch\/fr\/cooperative\/downloads\/","title":{"rendered":"Downloads"},"content":{"rendered":"\n<h1 class=\"wp-block-heading\">T\u00e9l\u00e9chargements<\/h1>\n\n\n\n<div class=\"wp-block-group\"><div class=\"wp-block-group__inner-container is-layout-flow wp-block-group-is-layout-flow\">\n<div class=\"wp-block-columns is-layout-flex wp-container-core-columns-is-layout-9d6595d7 wp-block-columns-is-layout-flex\">\n<div class=\"wp-block-column is-layout-flow wp-block-column-is-layout-flow\" style=\"flex-basis:75%\">\n<h2 class=\"wp-block-heading\"><strong>Statuts de l&rsquo;EBG Nidau<\/strong><\/h2>\n\n\n\n<p>Vous trouverez ici les statuts de l&rsquo;EBG Nidau.<\/p>\n\n\n\n<div class=\"wp-block-columns is-layout-flex wp-container-core-columns-is-layout-9d6595d7 wp-block-columns-is-layout-flex\">\n<div class=\"wp-block-column is-layout-flow wp-block-column-is-layout-flow\" style=\"flex-basis:100%\">\n<div class=\"wp-block-file alignleft\"><a href=\"https:\/\/www.ebg-nidau.ch\/wp-content\/uploads\/2020\/12\/Statuts-EBG-Nidau_202010_F-6.pdf\" class=\"wp-block-file__button wp-element-button\" download>t\u00e9l\u00e9charger ici<\/a><\/div>\n\n\n\n<p><\/p>\n\n\n\n<p><\/p>\n<\/div>\n<\/div>\n<\/div>\n\n\n\n<div class=\"wp-block-column is-layout-flow wp-block-column-is-layout-flow\">\n<figure class=\"wp-block-image size-large is-resized\"><img loading=\"lazy\" decoding=\"async\" width=\"724\" height=\"1024\" src=\"https:\/\/www.ebg-nidau.ch\/wp-content\/uploads\/2020\/12\/Foto-statuts-f-1-724x1024.jpg\" alt=\"\" class=\"wp-image-1032\" style=\"width:169px;height:238px\" srcset=\"https:\/\/www.ebg-nidau.ch\/wp-content\/uploads\/2020\/12\/Foto-statuts-f-1-724x1024.jpg 724w, https:\/\/www.ebg-nidau.ch\/wp-content\/uploads\/2020\/12\/Foto-statuts-f-1-212x300.jpg 212w, https:\/\/www.ebg-nidau.ch\/wp-content\/uploads\/2020\/12\/Foto-statuts-f-1-768x1086.jpg 768w, https:\/\/www.ebg-nidau.ch\/wp-content\/uploads\/2020\/12\/Foto-statuts-f-1.jpg 849w\" sizes=\"auto, (max-width: 724px) 100vw, 724px\" \/><\/figure>\n<\/div>\n<\/div>\n<\/div><\/div>\n\n\n\n<hr class=\"wp-block-separator has-css-opacity\"\/>\n\n\n\n<div class=\"wp-block-group\"><div class=\"wp-block-group__inner-container is-layout-flow wp-block-group-is-layout-flow\">\n<div class=\"wp-block-columns is-layout-flex wp-container-core-columns-is-layout-9d6595d7 wp-block-columns-is-layout-flex\">\n<div class=\"wp-block-column is-layout-flow wp-block-column-is-layout-flow\" style=\"flex-basis:75%\">\n<h2 class=\"wp-block-heading\">Rapport annuel<\/h2>\n\n\n\n<p>Informations et rapports cl\u00e9s .<\/p>\n\n\n\n<div class=\"wp-block-file\"><\/div>\n\n\n\n<div class=\"wp-block-file\"><a id=\"wp-block-file--media-2178bb80-1fe8-4a68-ac8e-65c5307594e7\" href=\"https:\/\/www.ebg-nidau.ch\/wp-content\/uploads\/2025\/07\/GB_EBG_Nidau_2024_Einzelseiten.pdf\">Rapport annuel 2024<\/a><\/div>\n\n\n\n<div class=\"wp-block-file\"><a id=\"wp-block-file--media-273a28b8-8a01-4a8b-8461-d11ceda7db4b\" href=\"https:\/\/www.ebg-nidau.ch\/wp-content\/uploads\/2024\/08\/GB_EBG_Nidau_2023_Doppelseiten.pdf\">Rapport annuel 2023<\/a><\/div>\n<\/div>\n\n\n\n<div class=\"wp-block-column is-layout-flow wp-block-column-is-layout-flow\">\n<figure class=\"wp-block-image size-large\"><img loading=\"lazy\" decoding=\"async\" width=\"736\" height=\"1024\" src=\"https:\/\/www.ebg-nidau.ch\/wp-content\/uploads\/2025\/07\/GB_EBG_NIDAU_Titelseite-736x1024.png\" alt=\"\" class=\"wp-image-4337\" srcset=\"https:\/\/www.ebg-nidau.ch\/wp-content\/uploads\/2025\/07\/GB_EBG_NIDAU_Titelseite-736x1024.png 736w, https:\/\/www.ebg-nidau.ch\/wp-content\/uploads\/2025\/07\/GB_EBG_NIDAU_Titelseite-216x300.png 216w, https:\/\/www.ebg-nidau.ch\/wp-content\/uploads\/2025\/07\/GB_EBG_NIDAU_Titelseite-768x1068.png 768w, https:\/\/www.ebg-nidau.ch\/wp-content\/uploads\/2025\/07\/GB_EBG_NIDAU_Titelseite.png 863w\" sizes=\"auto, (max-width: 736px) 100vw, 736px\" \/><\/figure>\n<\/div>\n<\/div>\n<\/div><\/div>\n\n\n\n<hr class=\"wp-block-separator has-css-opacity\"\/>\n\n\n\n<h2 class=\"wp-block-heading\">Organigramme<\/h2>\n\n\n\n<div class=\"wp-block-file\"><a id=\"wp-block-file--media-21c3cdff-1a63-4a1c-8fd3-abe9a33a97dd\" href=\"https:\/\/www.ebg-nidau.ch\/wp-content\/uploads\/2025\/09\/Organigramm-2025-ab-01.09.2025-1.pdf\">Organigramm<\/a><\/div>\n\n\n\n<div class=\"wp-block-file\"><a id=\"wp-block-file--media-4ce416da-15fb-49fb-96a2-55272b86de8e\" href=\"https:\/\/www.ebg-nidau.ch\/wp-content\/uploads\/2024\/05\/Geschaftsreglement-EBG-Nidau-2024-francais.pdf\">R\u00e8glement interne &#8211; Version 2024<\/a><\/div>\n\n\n\n<p><\/p>\n\n\n\n<h2 class=\"wp-block-heading\">R\u00e8glements<\/h2>\n\n\n\n<div class=\"wp-block-file\"><a id=\"wp-block-file--media-634535dd-7eb4-40f9-8f98-fda397ba227e\" href=\"https:\/\/www.ebg-nidau.ch\/wp-content\/uploads\/2020\/12\/Leitbild_mit_logo.pdf\">Charte<\/a><\/div>\n\n\n\n<div class=\"wp-block-file\"><a id=\"wp-block-file--media-32045a6c-d634-49ff-9b7f-395911dbf672\" href=\"https:\/\/www.ebg-nidau.ch\/wp-content\/uploads\/2026\/01\/Reglement-de-maison.pdf\">R\u00e8glement de maison<\/a><\/div>\n\n\n\n<div class=\"wp-block-file\"><a id=\"wp-block-file--media-df35c08c-f3e7-43eb-a5d6-f7058002faa6\" href=\"https:\/\/www.ebg-nidau.ch\/wp-content\/uploads\/2026\/01\/Reglement-der-la-baunderie.pdf\">R\u00e8glement de la baunderie<\/a><\/div>\n\n\n\n<p><\/p>\n\n\n\n<h2 class=\"wp-block-heading\">Proc\u00e8s-verbaux des derni\u00e8res assembl\u00e9es g\u00e9n\u00e9rales<\/h2>\n\n\n\n<div class=\"wp-block-file\"><a id=\"wp-block-file--media-8b0f35f0-8ab7-44bd-95c9-faa2c8e3d48a\" href=\"https:\/\/www.ebg-nidau.ch\/wp-content\/uploads\/2026\/02\/Protokoll-ausserordentliche-GV-13.11.2025-2.pdf\">Assembl\u00e9e g\u00e9n\u00e9rale extraordinaire du 11.2025<\/a><\/div>\n\n\n\n<div class=\"wp-block-file\"><a id=\"wp-block-file--media-7e624a4d-220e-4830-a938-ce2d37631cd7\" href=\"https:\/\/www.ebg-nidau.ch\/wp-content\/uploads\/2025\/09\/GV-Protokoll-17.06.2025-unterzeichnet-1.pdf\">Assembl\u00e9e g\u00e9n\u00e9rale du 17.06.2025<\/a><\/div>\n\n\n\n<div class=\"wp-block-file\"><a id=\"wp-block-file--media-dd9a59a7-4307-4383-852b-d8811c6aae98\" href=\"https:\/\/www.ebg-nidau.ch\/wp-content\/uploads\/2025\/03\/Protokoll_a.o._GV_2024.11.28_unterzeichnet-1.pdf\">Assembl\u00e9e g\u00e9n\u00e9rale extraordinaire du 11.2024<\/a><\/div>\n\n\n\n<div class=\"wp-block-file\"><a id=\"wp-block-file--media-51a85eea-da69-4b79-a2f5-bec7e3257bb7\" href=\"https:\/\/www.ebg-nidau.ch\/wp-content\/uploads\/2024\/11\/Protokoll_GV_20240613_unterzeichnet.pdf\">Assembl\u00e9e g\u00e9n\u00e9rale du 13.06.2024<\/a><\/div>\n\n\n\n<p><\/p>\n\n\n\n<h2 class=\"wp-block-heading\">Lettre d&rsquo;information<\/h2>\n\n\n\n<div class=\"wp-block-file\"><a id=\"wp-block-file--media-58b624d3-a532-46d0-9d0f-eb611be9f7c5\" href=\"https:\/\/www.ebg-nidau.ch\/wp-content\/uploads\/2026\/01\/Lettre-dinformation-EBG-hiver-2025.pdf\">Lettre d&rsquo;information EBG hiver 2025<\/a><\/div>\n\n\n\n<div class=\"wp-block-file\"><a id=\"wp-block-file--media-6322c0e2-4de9-42ee-bc36-31ad73086948\" href=\"https:\/\/www.ebg-nidau.ch\/wp-content\/uploads\/2025\/03\/2024_Info_Heizung_fr.pdf\">Info chauffage et ventilation<\/a><\/div>\n\n\n\n<p><\/p>\n","protected":false},"excerpt":{"rendered":"<p>T\u00e9l\u00e9chargements Statuts de l&rsquo;EBG Nidau Vous trouverez ici les statuts de l&rsquo;EBG Nidau. Rapport annuel Informations et rapports cl\u00e9s . Organigramme R\u00e8glements Proc\u00e8s-verbaux des derni\u00e8res assembl\u00e9es g\u00e9n\u00e9rales Lettre d&rsquo;information<\/p>\n","protected":false},"author":9,"featured_media":4051,"parent":798,"menu_order":4,"comment_status":"closed","ping_status":"closed","template":"template-full-width.php","meta":{"_acf_changed":false,"footnotes":""},"class_list":["post-800","page","type-page","status-publish","has-post-thumbnail","hentry"],"acf":[],"_links":{"self":[{"href":"https:\/\/www.ebg-nidau.ch\/fr\/wp-json\/wp\/v2\/pages\/800","targetHints":{"allow":["GET"]}}],"collection":[{"href":"https:\/\/www.ebg-nidau.ch\/fr\/wp-json\/wp\/v2\/pages"}],"about":[{"href":"https:\/\/www.ebg-nidau.ch\/fr\/wp-json\/wp\/v2\/types\/page"}],"author":[{"embeddable":true,"href":"https:\/\/www.ebg-nidau.ch\/fr\/wp-json\/wp\/v2\/users\/9"}],"replies":[{"embeddable":true,"href":"https:\/\/www.ebg-nidau.ch\/fr\/wp-json\/wp\/v2\/comments?post=800"}],"version-history":[{"count":110,"href":"https:\/\/www.ebg-nidau.ch\/fr\/wp-json\/wp\/v2\/pages\/800\/revisions"}],"predecessor-version":[{"id":4629,"href":"https:\/\/www.ebg-nidau.ch\/fr\/wp-json\/wp\/v2\/pages\/800\/revisions\/4629"}],"up":[{"embeddable":true,"href":"https:\/\/www.ebg-nidau.ch\/fr\/wp-json\/wp\/v2\/pages\/798"}],"wp:featuredmedia":[{"embeddable":true,"href":"https:\/\/www.ebg-nidau.ch\/fr\/wp-json\/wp\/v2\/media\/4051"}],"wp:attachment":[{"href":"https:\/\/www.ebg-nidau.ch\/fr\/wp-json\/wp\/v2\/media?parent=800"}],"curies":[{"name":"wp","href":"https:\/\/api.w.org\/{rel}","templated":true}]}}